{"id":35996,"date":"2023-12-05T10:53:07","date_gmt":"2023-12-05T07:53:07","guid":{"rendered":"https:\/\/bionia2.ivexto.net\/product\/bio-proteinmischung-fuer-frauen-%e2%84%ae-200-g\/"},"modified":"2025-06-14T20:01:15","modified_gmt":"2025-06-14T17:01:15","slug":"bio-proteinmischung-fuer-frauen-%e2%84%ae-200-g","status":"publish","type":"product","link":"https:\/\/bionia.bio\/de\/product\/bio-proteinmischung-fuer-frauen-%e2%84%ae-200-g\/","title":{"rendered":"BIO PROTEINMISCHUNG f\u00fcr FRAUEN"},"content":{"rendered":"<p>BIO PROTEINMISCHUNG f\u00fcr FRAUEN<\/p>\n<p><strong>53% Protein<\/strong><\/p>\n<p><strong>GMO-frei. Vegan.<\/strong><\/p>\n<p><strong>Zutaten:<\/strong><\/p>\n<ul>\n<li><strong>Bio Sojaprotein*<\/strong><\/li>\n<li><strong>Bio Lupinenprotein*<\/strong><\/li>\n<li>Bio Reisprotein*<\/li>\n<li>Bio Mandelprotein*<\/li>\n<li>Bio Maca*<\/li>\n<li>Bio Kakao 22% Fettgehalt*<\/li>\n<\/ul>\n<p>*Produkt aus biologischem Anbau. Informationen zu Allergenen entnehmen Sie den <strong>fettgedruckten<\/strong> Zutaten. Es kann Spuren von Schuppen enthalten. \u212e 200 g\/Verpackung<\/p>\n<p>Hergestellt von der NATUR:\u00ae<\/p>\n<p>Die Proteinmischung f\u00fcr Frauen ist eine vollwertige Superfoodskombination. Es f\u00f6rdert die Vitalit\u00e4t und die Weiblichkeit dank des nat\u00fcrlichen Gehalts an pflanzlichen Isoflavonen, Mineralien und allen essentiellen Aminos\u00e4uren. Geeignet bei einer k\u00f6rperlichen Belastung, Monatsbeschwerden, f\u00fcr Fruchtbarkeit und gute Laune.<\/p>\n<p><strong>Empfohlene Tagesdosis: 20-30 g (3-4 Essl\u00f6ffel). <\/strong>Die Menge entspricht etwa 30% der empfohlenen Proteinaufnahme pro Tag. Holen Sie sich den Rest durch eine vollst\u00e4ndige Di\u00e4t. Die angegebene Menge ist eine Durchschnittsmenge und kann je nach individuellem Bedarf variieren.<\/p>\n<p><strong>Aufbewahrungs- und Verwendungsbedingungen:<\/strong> Geeignet f\u00fcr Kinder und Erwachsene sowie zur St\u00e4rkung des K\u00f6rpers. Ideal f\u00fcr die Zubereitung von Proteinriegeln und Shakes, hei\u00dfen Getr\u00e4nken und Desserts. Gut kombinierbar mit N\u00fcssen, Kakao, Kokoszucker u.a. Es wird im K\u00f6rper nicht in Form von Fett gespeichert. An einem trockenen und k\u00fchlen Ort bei Raumtemperatur aufbewahren.<\/p>\n<p><strong>Herkunft:<\/strong> Produkt mit garantierter Qualit\u00e4t. Herkunft des Rohstoffs in\/au\u00dferhalb der EU, hergestellt in der EU.<\/p>\n","protected":false},"excerpt":{"rendered":"<p>BIO PROTEINMISCHUNG f\u00fcr FRAUEN<\/p>\n<p><strong>53% Protein<\/strong><\/p>\n<p><strong>GMO-frei. Vegan.<\/strong><\/p>\n<p><strong>Zutaten:<\/strong><\/p>\n<ul>\n<li><strong>Bio Sojaprotein*<\/strong><\/li>\n<li><strong>Bio Lupinenprotein*<\/strong><\/li>\n<li>Bio Reisprotein*<\/li>\n<li>Bio Mandelprotein*<\/li>\n<li>Bio Maca*<\/li>\n<li>Bio Kakao 22% Fettgehalt*<\/li>\n<\/ul>\n<p>*Produkt aus biologischem Anbau. Informationen zu Allergenen entnehmen Sie den <strong>fettgedruckten<\/strong> Zutaten. Es kann Spuren von Schuppen enthalten. \u212e 200 g\/Verpackung<\/p>\n<p>Hergestellt von der NATUR:\u00ae<\/p>\n<p>Die Proteinmischung f\u00fcr Frauen ist eine vollwertige Superfoodskombination. Es f\u00f6rdert die Vitalit\u00e4t und die Weiblichkeit dank des nat\u00fcrlichen Gehalts an pflanzlichen Isoflavonen, Mineralien und allen essentiellen Aminos\u00e4uren. Geeignet bei einer k\u00f6rperlichen Belastung, Monatsbeschwerden, f\u00fcr Fruchtbarkeit und gute Laune.<\/p>\n","protected":false},"featured_media":35335,"comment_status":"closed","ping_status":"open","template":"","meta":{"wds_primary_product_brand":0,"wds_primary_product_cat":0},"product_brand":[],"product_cat":[333],"product_tag":[546,547,548,549,550,551],"class_list":{"0":"post-35996","1":"product","2":"type-product","3":"status-publish","4":"has-post-thumbnail","6":"product_cat-bionia-bio-products-de","7":"product_tag-bio-protein-blend-women-de","8":"product_tag-cacao-protein-women-de","9":"product_tag-organic-protein-blend-women-de","10":"product_tag-protein-shake-women-de","11":"product_tag-sport-and-nutrition-women-de","12":"product_tag-women-nutrition-de","13":"pa_product-size-1-kg-de","14":"pa_product-size-200-g-de","16":"first","17":"instock","18":"sale","19":"shipping-taxable","20":"purchasable","21":"product-type-variable"},"_links":{"self":[{"href":"https:\/\/bionia.bio\/de\/wp-json\/wp\/v2\/product\/35996","targetHints":{"allow":["GET"]}}],"collection":[{"href":"https:\/\/bionia.bio\/de\/wp-json\/wp\/v2\/product"}],"about":[{"href":"https:\/\/bionia.bio\/de\/wp-json\/wp\/v2\/types\/product"}],"replies":[{"embeddable":true,"href":"https:\/\/bionia.bio\/de\/wp-json\/wp\/v2\/comments?post=35996"}],"wp:featuredmedia":[{"embeddable":true,"href":"https:\/\/bionia.bio\/de\/wp-json\/wp\/v2\/media\/35335"}],"wp:attachment":[{"href":"https:\/\/bionia.bio\/de\/wp-json\/wp\/v2\/media?parent=35996"}],"wp:term":[{"taxonomy":"product_brand","embeddable":true,"href":"https:\/\/bionia.bio\/de\/wp-json\/wp\/v2\/product_brand?post=35996"},{"taxonomy":"product_cat","embeddable":true,"href":"https:\/\/bionia.bio\/de\/wp-json\/wp\/v2\/product_cat?post=35996"},{"taxonomy":"product_tag","embeddable":true,"href":"https:\/\/bionia.bio\/de\/wp-json\/wp\/v2\/product_tag?post=35996"}],"curies":[{"name":"wp","href":"https:\/\/api.w.org\/{rel}","templated":true}]}}