{"id":35995,"date":"2023-12-05T10:46:46","date_gmt":"2023-12-05T07:46:46","guid":{"rendered":"https:\/\/bionia2.ivexto.net\/product\/bio-kokoszucker\/"},"modified":"2025-06-14T20:01:16","modified_gmt":"2025-06-14T17:01:16","slug":"bio-kokoszucker","status":"publish","type":"product","link":"https:\/\/bionia.bio\/de\/product\/bio-kokoszucker\/","title":{"rendered":"BIO KOKOSZUCKER"},"content":{"rendered":"<p>ORGANISCHES KOKOSZUCKER, ORGANIC COCONUT SUGAR<\/p>\n<p><strong>GLUTENFREI. KEINE Allergene. Vegan. NIEDRIGER glyk\u00e4mischer Index.<\/strong><br \/>\n<strong>Zutaten: 100% organisches Kokoszucker*.<\/strong> <strong>\u212e 200 g\/Verpackung<br \/>\n<\/strong>Weiche Produktion aus Kokospalmen.<\/p>\n<p>*Produkt aus biologischem Anbau.<\/p>\n<p><strong>Nat\u00fcrliche Quelle von:<\/strong><\/p>\n<ul>\n<li>Eisen<\/li>\n<li>35 glyk\u00e4mischer Index<\/li>\n<\/ul>\n<p><strong>Aufbewahrungs- und Verwendungsbedingungen:<\/strong> Geeignet f\u00fcr Kinder und Erwachsene. Ideal zum W\u00fcrzen von Kaffee, Tee, Desserts, Geb\u00e4ck u.a. S\u00fc\u00dfer Karamellgeschmack. An einem trockenen und k\u00fchlen Ort bei Raumtemperatur aufbewahren.<\/p>\n<p><strong>Herkunft:<\/strong> Indonesien. Produkt mit garantierter Qualit\u00e4t.<\/p>\n<p><strong>Rezept f\u00fcr fl\u00fcssige Schokolade:<br \/>\n<\/strong>Zutaten: 2 Tassen rohe Haseln\u00fcsse, 2-3 Essl\u00f6ffel rohes Kokos\u00f6l, 1\/2 Tasse Kokoszucker, 2-3 Essl\u00f6ffel roher Kakao, 1-2 Essl\u00f6ffel Bourbon-Vanille, 1 Teel\u00f6ffel Ceylon-Zimt, eine Prise Kaliumsalz.<br \/>\nZubereitung: Die Haseln\u00fcsse mit einem Mixer\/Chopper gut mahlen. Danach die Kokosbutter hinzuf\u00fcgen und das Mahlen fortsetzten, bis sich eine cremige Konsistenz aus den N\u00fcssen ergibt. Die restlichen Zutaten nach und nach hinzuf\u00fcgen, bis eine dicke Creme entsteht. In ein Glas geben und im K\u00fchlschrank aufbewahren. Mit Vergn\u00fcgen konsumieren.<\/p>\n","protected":false},"excerpt":{"rendered":"<p>ORGANISCHES KOKOSZUCKER, ORGANIC COCONUT SUGAR<\/p>\n<p><strong>GLUTENFREI. KEINE Allergene. Vegan. NIEDRIGER glyk\u00e4mischer Index.<\/strong><br \/>\n<strong>Zutaten: 100% otganisches Kokoszucker*.<\/strong> <strong>\u212e 200 g\/Verpackung<br \/>\n<\/strong>Weiche Produktion aus Kokospalmen.<\/p>\n<p>*Produkt aus biologischem Anbau.<\/p>\n<p><strong>Nat\u00fcrliche Quelle von:<\/strong><\/p>\n<ul>\n<li>Eisen<\/li>\n<li>35 glyk\u00e4mischer Index<\/li>\n<\/ul>\n<p><strong>Herkunft:<\/strong> Indonesien. Produkt mit garantierter Qualit\u00e4t.<\/p>\n","protected":false},"featured_media":35962,"comment_status":"closed","ping_status":"open","template":"","meta":{"wds_primary_product_brand":0,"wds_primary_product_cat":0},"product_brand":[],"product_cat":[333],"product_tag":[564,563,562],"class_list":{"0":"post-35995","1":"product","2":"type-product","3":"status-publish","4":"has-post-thumbnail","6":"product_cat-bionia-bio-products-de","7":"product_tag-bio-kokoszucker","8":"product_tag-niedriger-glykaemischer-index","9":"product_tag-organisches-kokoszucker","10":"pa_product-size-1-kg-de","11":"pa_product-size-200-g-de","13":"first","14":"instock","15":"sale","16":"shipping-taxable","17":"purchasable","18":"product-type-variable"},"_links":{"self":[{"href":"https:\/\/bionia.bio\/de\/wp-json\/wp\/v2\/product\/35995","targetHints":{"allow":["GET"]}}],"collection":[{"href":"https:\/\/bionia.bio\/de\/wp-json\/wp\/v2\/product"}],"about":[{"href":"https:\/\/bionia.bio\/de\/wp-json\/wp\/v2\/types\/product"}],"replies":[{"embeddable":true,"href":"https:\/\/bionia.bio\/de\/wp-json\/wp\/v2\/comments?post=35995"}],"wp:featuredmedia":[{"embeddable":true,"href":"https:\/\/bionia.bio\/de\/wp-json\/wp\/v2\/media\/35962"}],"wp:attachment":[{"href":"https:\/\/bionia.bio\/de\/wp-json\/wp\/v2\/media?parent=35995"}],"wp:term":[{"taxonomy":"product_brand","embeddable":true,"href":"https:\/\/bionia.bio\/de\/wp-json\/wp\/v2\/product_brand?post=35995"},{"taxonomy":"product_cat","embeddable":true,"href":"https:\/\/bionia.bio\/de\/wp-json\/wp\/v2\/product_cat?post=35995"},{"taxonomy":"product_tag","embeddable":true,"href":"https:\/\/bionia.bio\/de\/wp-json\/wp\/v2\/product_tag?post=35995"}],"curies":[{"name":"wp","href":"https:\/\/api.w.org\/{rel}","templated":true}]}}